{"id":462,"date":"2021-05-03T00:28:30","date_gmt":"2021-05-03T00:28:30","guid":{"rendered":"http:\/\/www.rainmakerdigital.net\/tcf\/?page_id=462"},"modified":"2024-03-26T18:25:15","modified_gmt":"2024-03-26T18:25:15","slug":"automation","status":"publish","type":"page","link":"https:\/\/toyotacf.ca\/fr\/automation\/","title":{"rendered":"Automatisation"},"content":{"rendered":"<p><div class=\"fusion-fullwidth fullwidth-box fusion-builder-row-1 fusion-flex-container nonhundred-percent-fullwidth non-hundred-percent-height-scrolling\" style=\"--link_hover_color: #73838c;--awb-border-radius-top-left:0px;--awb-border-radius-top-right:0px;--awb-border-radius-bottom-right:0px;--awb-border-radius-bottom-left:0px;--awb-padding-right:140px;--awb-padding-left:140px;--awb-padding-right-medium:0px;--awb-padding-left-medium:0px;--awb-padding-right-small:30px;--awb-padding-left-small:30px;--awb-margin-top:-40px;--awb-background-color:#f2f2f2;--awb-flex-wrap:wrap;\" ><div class=\"fusion-builder-row fusion-row fusion-flex-align-items-center fusion-flex-justify-content-center fusion-flex-content-wrap\" style=\"max-width:calc( 1200px + 0px );margin-left: calc(-0px \/ 2 );margin-right: calc(-0px \/ 2 );\"><div class=\"fusion-layout-column fusion_builder_column fusion-builder-column-0 fusion_builder_column_1_1 1_1 fusion-flex-column fusion-flex-align-self-center\" style=\"--awb-bg-size:cover;--awb-width-large:100%;--awb-margin-top-large:0px;--awb-spacing-right-large:0px;--awb-margin-bottom-large:0px;--awb-spacing-left-large:0px;--awb-width-medium:100%;--awb-spacing-right-medium:0px;--awb-spacing-left-medium:0px;--awb-width-small:100%;--awb-spacing-right-small:0px;--awb-spacing-left-small:0px;\"><div class=\"fusion-column-wrapper fusion-flex-justify-content-center fusion-content-layout-column\"><div class=\"fusion-image-element \" style=\"text-align:center;--awb-caption-title-font-family:var(--h2_typography-font-family);--awb-caption-title-font-weight:var(--h2_typography-font-weight);--awb-caption-title-font-style:var(--h2_typography-font-style);--awb-caption-title-size:var(--h2_typography-font-size);--awb-caption-title-transform:var(--h2_typography-text-transform);--awb-caption-title-line-height:var(--h2_typography-line-height);--awb-caption-title-letter-spacing:var(--h2_typography-letter-spacing);\"><span class=\" fusion-imageframe imageframe-none imageframe-1 hover-type-none\"><img decoding=\"async\" width=\"1024\" height=\"576\" title=\"parcel-768\" src=\"http:\/\/www.rainmakerdigital.net\/tcf\/wp-content\/uploads\/2021\/04\/parcel-768-1-1024x576.jpg\" alt class=\"img-responsive wp-image-456\" srcset=\"https:\/\/toyotacf.ca\/wp-content\/uploads\/2021\/04\/parcel-768-1-200x112.jpg 200w, https:\/\/toyotacf.ca\/wp-content\/uploads\/2021\/04\/parcel-768-1-400x225.jpg 400w, https:\/\/toyotacf.ca\/wp-content\/uploads\/2021\/04\/parcel-768-1-600x337.jpg 600w, https:\/\/toyotacf.ca\/wp-content\/uploads\/2021\/04\/parcel-768-1-800x450.jpg 800w, https:\/\/toyotacf.ca\/wp-content\/uploads\/2021\/04\/parcel-768-1-1200x675.jpg 1200w, https:\/\/toyotacf.ca\/wp-content\/uploads\/2021\/04\/parcel-768-1.jpg 1366w\" sizes=\"(max-width: 640px) 100vw, 1024px\" \/><\/span><\/div><div class=\"fusion-text fusion-text-1\" style=\"--awb-font-size:16px;--awb-line-height:1.5;--awb-text-color:#666666;--awb-text-font-family:&quot;Roboto Condensed&quot;;--awb-text-font-style:normal;--awb-text-font-weight:400;\"><h1 style=\"--fontsize: 54; line-height: 1.16; color: #e31b23;\" data-fontsize=\"54\" data-lineheight=\"62.64px\">Faire Avancer Votre Enterprise Par L\u2019Automisation Logistique<\/h1>\n<p>Toyota est \u00e0 la fine pointe de l&rsquo;automatisation de la logistique industrielle et commerciale \u00e0 l&rsquo;\u00e9chelle mondiale. Bastian Solutions et Vanderlande, sont deux entreprises de Toyota Advanced Logistics. Elles offrent des solutions d&rsquo;automatisation logistique de pointe. Ces entreprises aident avec une large gamme de solutions leurs clients \u0153uvrant dans les domaines de cha\u00eene d&rsquo;approvisionnement et d&rsquo;intralogistique pour les besoins de la vente au d\u00e9tail, de la vente en gros, du commerce \u00e9lectronique, de la fabrication, des soins de sant\u00e9 et d&rsquo;infrastructure, en s\u2019engagent \u00e0 fournir \u00e0 leurs clients des solutions de classe mondiale, afin de leur permettre un avantage concurrentiel.<\/p>\n<p>En tant que soci\u00e9t\u00e9 de financement captive de Bastian Solutions et de Vanderlande, Toyota Industries Commercial Finance Canada fournit l&rsquo;ing\u00e9nierie financi\u00e8re n\u00e9cessaire pour cr\u00e9er des structures de valeur et de gestion des flux de tr\u00e9sorerie adapt\u00e9 \u00e0 vos besoins et notre client mutuel Toyota Logistique. Nous mettons l&rsquo;accent sur les solutions financi\u00e8res qui compl\u00e8tent les co\u00fbts directs et indirects pour les exigences de chaque projet de logistique et d&rsquo;automatisation.<\/p>\n<p>Avec des options et des conditions de taux fixes et flottants pour les structures de Location acquisition et de pr\u00eat \u00e0 temp\u00e9rament, Toyota Industries Commercial Finance Canada, par son groupe d\u00e9di\u00e9 au financement de l&rsquo;automatisation, peut fournir un financement qui est align\u00e9 avec votre projet et d\u00e9di\u00e9 \u00e0 sa r\u00e9ussite.<\/p>\n<p>En vous associant \u00e0 nous, vous pouvez vous attendre \u00e0; un service personnalis\u00e9, \u00e0 des solutions financi\u00e8res adapt\u00e9es \u00e0 vos besoins, \u00e0 des taux et conditions concurrentielles, ainsi qu&rsquo;\u00e0 des d\u00e9cisions de cr\u00e9dit, un traitement et un financement rapides de vos projets.<\/p>\n<p>Visitez <a href=\"https:\/\/www.bastiansolutions.com\/fr-ca\/\" target=\"_blank\" rel=\"noopener\">Bastian Solutions<\/a> pour pr\u00e9parer et concevoir une automatisation sur mesure de pointe pour tous vos besoins de distribution et de production.<\/p>\n<p>Visitez <a href=\"https:\/\/www.vanderlande.com\/fr\/\" target=\"_blank\" rel=\"noopener\">Vanderlande<\/a> pour pr\u00e9parer l&rsquo;automatisation de vos processus logistiques dans les a\u00e9roports et sur le march\u00e9 des colis.<\/p>\n<p><a href=\"mailto:info@toyotacf.ca\">Contactez-nous<\/a> si vous \u00eates int\u00e9ress\u00e9 par des solutions de financement pour vos projets d&rsquo;automatisation Bastian Solutions ou Vanderlande.<\/p>\n<\/div><\/div><\/div><\/div><\/div><div class=\"fusion-fullwidth fullwidth-box fusion-builder-row-2 fusion-flex-container nonhundred-percent-fullwidth non-hundred-percent-height-scrolling\" style=\"--link_hover_color: #77858c;--awb-border-radius-top-left:0px;--awb-border-radius-top-right:0px;--awb-border-radius-bottom-right:0px;--awb-border-radius-bottom-left:0px;--awb-padding-bottom:0px;--awb-padding-right-medium:0px;--awb-padding-left-medium:0px;--awb-padding-right-small:30px;--awb-padding-left-small:30px;--awb-margin-top:30px;--awb-margin-bottom:-70px;--awb-flex-wrap:wrap;\" ><div class=\"fusion-builder-row fusion-row fusion-flex-align-items-flex-start fusion-flex-justify-content-center fusion-flex-content-wrap\" style=\"max-width:1248px;margin-left: calc(-4% \/ 2 );margin-right: calc(-4% \/ 2 );\"><div class=\"fusion-layout-column fusion_builder_column fusion-builder-column-1 fusion_builder_column_1_1 1_1 fusion-flex-column\" style=\"--awb-bg-size:cover;--awb-width-large:100%;--awb-margin-top-large:0px;--awb-spacing-right-large:1.92%;--awb-margin-bottom-large:0px;--awb-spacing-left-large:1.92%;--awb-width-medium:100%;--awb-order-medium:0;--awb-spacing-right-medium:1.92%;--awb-spacing-left-medium:1.92%;--awb-width-small:100%;--awb-order-small:0;--awb-spacing-right-small:1.92%;--awb-spacing-left-small:1.92%;\"><div class=\"fusion-column-wrapper fusion-column-has-shadow fusion-flex-justify-content-flex-start fusion-content-layout-column\"><div class=\"fusion-text fusion-text-2\" style=\"--awb-font-size:13px;--awb-text-color:#777777;\"><p class=\"fusion-responsive-typography-calculated\" style=\"--fontsize: 54; line-height: 1.16; color: #e31b23; text-align: center;\" data-fontsize=\"54\" data-lineheight=\"62.64px\"><span style=\"color: #808080;\">Toyota Commercial Finance is a Service Mark of Toyota Industries Commercial Finance, Inc. and its authorized affiliates.<\/span><\/p>\n<\/div><\/div><\/div><\/div><\/div><\/p>\n","protected":false},"excerpt":{"rendered":"","protected":false},"author":1,"featured_media":0,"parent":0,"menu_order":0,"comment_status":"closed","ping_status":"closed","template":"","meta":{"footnotes":""},"class_list":["post-462","page","type-page","status-publish","hentry"],"yoast_head":"<!-- This site is optimized with the Yoast SEO plugin v27.4 - https:\/\/yoast.com\/product\/yoast-seo-wordpress\/ -->\n<title>Automatisation - Toyota Commercial Finance<\/title>\n<meta name=\"robots\" content=\"index, follow, max-snippet:-1, max-image-preview:large, max-video-preview:-1\" \/>\n<link rel=\"canonical\" href=\"https:\/\/toyotacf.ca\/fr\/automation\/\" \/>\n<meta property=\"og:locale\" content=\"fr_FR\" \/>\n<meta property=\"og:type\" content=\"article\" \/>\n<meta property=\"og:title\" content=\"Automatisation - Toyota Commercial Finance\" \/>\n<meta property=\"og:url\" content=\"https:\/\/toyotacf.ca\/fr\/automation\/\" \/>\n<meta property=\"og:site_name\" content=\"Toyota Commercial Finance\" \/>\n<meta property=\"article:modified_time\" content=\"2024-03-26T18:25:15+00:00\" \/>\n<meta name=\"twitter:card\" content=\"summary_large_image\" \/>\n<meta name=\"twitter:label1\" content=\"Dur\u00e9e de lecture estim\u00e9e\" \/>\n\t<meta name=\"twitter:data1\" content=\"2 minutes\" \/>\n<script type=\"application\/ld+json\" class=\"yoast-schema-graph\">{\"@context\":\"https:\\\/\\\/schema.org\",\"@graph\":[{\"@type\":\"WebPage\",\"@id\":\"https:\\\/\\\/toyotacf.ca\\\/fr\\\/automation\\\/\",\"url\":\"https:\\\/\\\/toyotacf.ca\\\/fr\\\/automation\\\/\",\"name\":\"Automatisation - Toyota Commercial Finance\",\"isPartOf\":{\"@id\":\"https:\\\/\\\/toyotacf.ca\\\/fr\\\/#website\"},\"datePublished\":\"2021-05-03T00:28:30+00:00\",\"dateModified\":\"2024-03-26T18:25:15+00:00\",\"breadcrumb\":{\"@id\":\"https:\\\/\\\/toyotacf.ca\\\/fr\\\/automation\\\/#breadcrumb\"},\"inLanguage\":\"fr-FR\",\"potentialAction\":[{\"@type\":\"ReadAction\",\"target\":[\"https:\\\/\\\/toyotacf.ca\\\/fr\\\/automation\\\/\"]}]},{\"@type\":\"BreadcrumbList\",\"@id\":\"https:\\\/\\\/toyotacf.ca\\\/fr\\\/automation\\\/#breadcrumb\",\"itemListElement\":[{\"@type\":\"ListItem\",\"position\":1,\"name\":\"Home\",\"item\":\"https:\\\/\\\/toyotacf.ca\\\/fr\\\/\"},{\"@type\":\"ListItem\",\"position\":2,\"name\":\"Automatisation\"}]},{\"@type\":\"WebSite\",\"@id\":\"https:\\\/\\\/toyotacf.ca\\\/fr\\\/#website\",\"url\":\"https:\\\/\\\/toyotacf.ca\\\/fr\\\/\",\"name\":\"Toyota Commercial Finance\",\"description\":\"Canada\",\"potentialAction\":[{\"@type\":\"SearchAction\",\"target\":{\"@type\":\"EntryPoint\",\"urlTemplate\":\"https:\\\/\\\/toyotacf.ca\\\/fr\\\/?s={search_term_string}\"},\"query-input\":{\"@type\":\"PropertyValueSpecification\",\"valueRequired\":true,\"valueName\":\"search_term_string\"}}],\"inLanguage\":\"fr-FR\"}]}<\/script>\n<!-- \/ Yoast SEO plugin. -->","yoast_head_json":{"title":"Automatisation - Toyota Commercial Finance","robots":{"index":"index","follow":"follow","max-snippet":"max-snippet:-1","max-image-preview":"max-image-preview:large","max-video-preview":"max-video-preview:-1"},"canonical":"https:\/\/toyotacf.ca\/fr\/automation\/","og_locale":"fr_FR","og_type":"article","og_title":"Automatisation - Toyota Commercial Finance","og_url":"https:\/\/toyotacf.ca\/fr\/automation\/","og_site_name":"Toyota Commercial Finance","article_modified_time":"2024-03-26T18:25:15+00:00","twitter_card":"summary_large_image","twitter_misc":{"Dur\u00e9e de lecture estim\u00e9e":"2 minutes"},"schema":{"@context":"https:\/\/schema.org","@graph":[{"@type":"WebPage","@id":"https:\/\/toyotacf.ca\/fr\/automation\/","url":"https:\/\/toyotacf.ca\/fr\/automation\/","name":"Automatisation - Toyota Commercial Finance","isPartOf":{"@id":"https:\/\/toyotacf.ca\/fr\/#website"},"datePublished":"2021-05-03T00:28:30+00:00","dateModified":"2024-03-26T18:25:15+00:00","breadcrumb":{"@id":"https:\/\/toyotacf.ca\/fr\/automation\/#breadcrumb"},"inLanguage":"fr-FR","potentialAction":[{"@type":"ReadAction","target":["https:\/\/toyotacf.ca\/fr\/automation\/"]}]},{"@type":"BreadcrumbList","@id":"https:\/\/toyotacf.ca\/fr\/automation\/#breadcrumb","itemListElement":[{"@type":"ListItem","position":1,"name":"Home","item":"https:\/\/toyotacf.ca\/fr\/"},{"@type":"ListItem","position":2,"name":"Automatisation"}]},{"@type":"WebSite","@id":"https:\/\/toyotacf.ca\/fr\/#website","url":"https:\/\/toyotacf.ca\/fr\/","name":"Toyota Commercial Finance","description":"Canada","potentialAction":[{"@type":"SearchAction","target":{"@type":"EntryPoint","urlTemplate":"https:\/\/toyotacf.ca\/fr\/?s={search_term_string}"},"query-input":{"@type":"PropertyValueSpecification","valueRequired":true,"valueName":"search_term_string"}}],"inLanguage":"fr-FR"}]}},"_links":{"self":[{"href":"https:\/\/toyotacf.ca\/fr\/wp-json\/wp\/v2\/pages\/462","targetHints":{"allow":["GET"]}}],"collection":[{"href":"https:\/\/toyotacf.ca\/fr\/wp-json\/wp\/v2\/pages"}],"about":[{"href":"https:\/\/toyotacf.ca\/fr\/wp-json\/wp\/v2\/types\/page"}],"author":[{"embeddable":true,"href":"https:\/\/toyotacf.ca\/fr\/wp-json\/wp\/v2\/users\/1"}],"replies":[{"embeddable":true,"href":"https:\/\/toyotacf.ca\/fr\/wp-json\/wp\/v2\/comments?post=462"}],"version-history":[{"count":0,"href":"https:\/\/toyotacf.ca\/fr\/wp-json\/wp\/v2\/pages\/462\/revisions"}],"wp:attachment":[{"href":"https:\/\/toyotacf.ca\/fr\/wp-json\/wp\/v2\/media?parent=462"}],"curies":[{"name":"wp","href":"https:\/\/api.w.org\/{rel}","templated":true}]}}