{"id":132,"date":"2021-04-21T09:27:27","date_gmt":"2021-04-21T09:27:27","guid":{"rendered":"http:\/\/www.rainmakerdigital.net\/tcf\/?page_id=132"},"modified":"2025-08-08T18:36:24","modified_gmt":"2025-08-08T18:36:24","slug":"learning-center","status":"publish","type":"page","link":"https:\/\/toyotacf.ca\/fr\/learning-center\/","title":{"rendered":"Centre \u00e9ducatif"},"content":{"rendered":"<p><div class=\"fusion-fullwidth fullwidth-box fusion-builder-row-1 fusion-flex-container nonhundred-percent-fullwidth non-hundred-percent-height-scrolling\" style=\"--link_hover_color: #7c878c;--awb-border-radius-top-left:0px;--awb-border-radius-top-right:0px;--awb-border-radius-bottom-right:0px;--awb-border-radius-bottom-left:0px;--awb-padding-bottom:0px;--awb-padding-right-medium:0px;--awb-padding-left-medium:0px;--awb-padding-right-small:20px;--awb-padding-left-small:20px;--awb-margin-top:-40px;--awb-flex-wrap:wrap;\" ><div class=\"fusion-builder-row fusion-row fusion-flex-align-items-flex-start fusion-flex-content-wrap\" style=\"max-width:1248px;margin-left: calc(-4% \/ 2 );margin-right: calc(-4% \/ 2 );\"><div class=\"fusion-layout-column fusion_builder_column fusion-builder-column-0 fusion_builder_column_1_1 1_1 fusion-flex-column\" style=\"--awb-bg-size:cover;--awb-width-large:100%;--awb-margin-top-large:0px;--awb-spacing-right-large:1.92%;--awb-margin-bottom-large:0px;--awb-spacing-left-large:1.92%;--awb-width-medium:100%;--awb-order-medium:0;--awb-spacing-right-medium:1.92%;--awb-spacing-left-medium:1.92%;--awb-width-small:100%;--awb-order-small:0;--awb-spacing-right-small:1.92%;--awb-spacing-left-small:1.92%;\"><div class=\"fusion-column-wrapper fusion-column-has-shadow fusion-flex-justify-content-flex-start fusion-content-layout-column\"><div class=\"fusion-image-element \" style=\"text-align:center;--awb-margin-bottom:0px;--awb-caption-title-font-family:var(--h2_typography-font-family);--awb-caption-title-font-weight:var(--h2_typography-font-weight);--awb-caption-title-font-style:var(--h2_typography-font-style);--awb-caption-title-size:var(--h2_typography-font-size);--awb-caption-title-transform:var(--h2_typography-text-transform);--awb-caption-title-line-height:var(--h2_typography-line-height);--awb-caption-title-letter-spacing:var(--h2_typography-letter-spacing);\"><span class=\" fusion-imageframe imageframe-none imageframe-1 hover-type-none\"><img decoding=\"async\" width=\"1024\" height=\"576\" title=\"Learning-Center-Landing\" src=\"http:\/\/www.rainmakerdigital.net\/tcf\/wp-content\/uploads\/2021\/04\/Learning-Center-Landing-1024x576.jpg\" alt class=\"img-responsive wp-image-275\" srcset=\"https:\/\/toyotacf.ca\/wp-content\/uploads\/2021\/04\/Learning-Center-Landing-200x112.jpg 200w, https:\/\/toyotacf.ca\/wp-content\/uploads\/2021\/04\/Learning-Center-Landing-400x225.jpg 400w, https:\/\/toyotacf.ca\/wp-content\/uploads\/2021\/04\/Learning-Center-Landing-600x337.jpg 600w, https:\/\/toyotacf.ca\/wp-content\/uploads\/2021\/04\/Learning-Center-Landing-800x450.jpg 800w, https:\/\/toyotacf.ca\/wp-content\/uploads\/2021\/04\/Learning-Center-Landing-1200x675.jpg 1200w, https:\/\/toyotacf.ca\/wp-content\/uploads\/2021\/04\/Learning-Center-Landing.jpg 1366w\" sizes=\"(max-width: 640px) 100vw, 1200px\" \/><\/span><\/div><\/div><\/div><\/div><\/div><div class=\"fusion-fullwidth fullwidth-box fusion-builder-row-2 fusion-flex-container nonhundred-percent-fullwidth non-hundred-percent-height-scrolling\" style=\"--link_hover_color: #7c878c;--awb-border-radius-top-left:0px;--awb-border-radius-top-right:0px;--awb-border-radius-bottom-right:0px;--awb-border-radius-bottom-left:0px;--awb-padding-top:30px;--awb-padding-bottom:0px;--awb-padding-right-medium:0px;--awb-padding-left-medium:0px;--awb-padding-right-small:20px;--awb-padding-left-small:20px;--awb-margin-bottom:0px;--awb-flex-wrap:wrap;\" ><div class=\"fusion-builder-row fusion-row fusion-flex-align-items-center fusion-flex-justify-content-center fusion-flex-content-wrap\" style=\"max-width:calc( 1200px + 0px );margin-left: calc(-0px \/ 2 );margin-right: calc(-0px \/ 2 );\"><div class=\"fusion-layout-column fusion_builder_column fusion-builder-column-1 fusion_builder_column_1_1 1_1 fusion-flex-column\" style=\"--awb-bg-size:cover;--awb-width-large:100%;--awb-margin-top-large:0px;--awb-spacing-right-large:0px;--awb-margin-bottom-large:20px;--awb-spacing-left-large:0px;--awb-width-medium:100%;--awb-order-medium:0;--awb-spacing-right-medium:0px;--awb-spacing-left-medium:0px;--awb-width-small:100%;--awb-order-small:0;--awb-spacing-right-small:0px;--awb-spacing-left-small:0px;\"><div class=\"fusion-column-wrapper fusion-column-has-shadow fusion-flex-justify-content-flex-start fusion-content-layout-column\"><div class=\"fusion-title title fusion-title-1 fusion-sep-none fusion-title-text fusion-title-size-one\" style=\"--awb-text-color:#e31b23;--awb-margin-top:0px;--awb-margin-top-small:10px;--awb-margin-bottom-small:10px;\"><h1 class=\"fusion-title-heading title-heading-left\" style=\"margin:0;\">Centre \u00e9ducatif<\/h1><\/div><\/div><\/div><div class=\"fusion-layout-column fusion_builder_column fusion-builder-column-2 fusion_builder_column_1_1 1_1 fusion-flex-column fusion-flex-align-self-center\" style=\"--awb-padding-top:40px;--awb-padding-right:50px;--awb-padding-bottom:0px;--awb-padding-left:50px;--awb-padding-right-small:20px;--awb-padding-left-small:20px;--awb-bg-size:cover;--awb-border-color:#bcbcbc;--awb-border-top:1px;--awb-border-right:1px;--awb-border-bottom:1px;--awb-border-left:1px;--awb-border-style:solid;--awb-width-large:100%;--awb-margin-top-large:0px;--awb-spacing-right-large:0px;--awb-margin-bottom-large:0px;--awb-spacing-left-large:0px;--awb-width-medium:100%;--awb-spacing-right-medium:0px;--awb-spacing-left-medium:0px;--awb-width-small:100%;--awb-spacing-right-small:0px;--awb-margin-bottom-small:-20px;--awb-spacing-left-small:0px;\"><div class=\"fusion-column-wrapper fusion-flex-justify-content-center fusion-content-layout-column\"><div class=\"fusion-content-boxes content-boxes columns row fusion-columns-1 fusion-columns-total-1 fusion-content-boxes-1 content-boxes-icon-on-side content-left pdf-section\" style=\"--awb-title-color:#e31b23;--awb-iconcolor:#cecece;--awb-margin-bottom:0px;--awb-hover-accent-color:#e31b23;--awb-circle-hover-accent-color:transparent;--awb-item-margin-bottom:40px;\" data-animationOffset=\"top-into-view\"><div style=\"--awb-backgroundcolor:rgba(255,255,255,0);--awb-iconcolor:#cecece;--awb-content-padding-left:145px;\" class=\"fusion-column content-box-column content-box-column content-box-column-1 col-lg-12 col-md-12 col-sm-12 fusion-content-box-hover content-box-column-last content-box-column-last-in-row\"><div class=\"col content-box-wrapper content-wrapper link-area-link-icon link-type-button content-icon-wrapper-yes icon-hover-animation-fade\" data-animationOffset=\"top-into-view\"><div class=\"heading heading-with-icon icon-left\"><a class=\"heading-link\" href=\"https:\/\/toyotacf.ca\/wp-content\/uploads\/2021\/04\/01-Articles_Benefits-of-Leasing-3.pdf\" target=\"_self\"><div class=\"icon\"><span ><i style=\"background-color:transparent;border-color:transparent;height:auto;width: 125px;line-height:normal;font-size:125px;\" aria-hidden=\"true\" class=\"fontawesome-icon fa-file-alt far circle-no\"><\/i><\/span><\/div><h2 class=\"content-box-heading\" style=\"--h2_typography-font-size:24px;line-height:29px;padding-left:145px;\">Faire le Bon Choix avec le Financement des \u00c9quipements<\/h2><\/a><\/div><div class=\"fusion-clearfix\"><\/div><div class=\"content-container\">\n<p>L\u2019\u00e9quipement de manutention Toyota est le moteur de plusieurs entreprises de marchandisage et de services, multipliant l\u2019efficacit\u00e9 de la main d\u2019oeuvre afin d\u2019accro\u00eetre l\u2019efficacit\u00e9 et la rentabilit\u00e9.<\/p>\n<\/div><div class=\"fusion-clearfix\"><\/div><a class=\"fusion-read-more-button fusion-content-box-button fusion-button button-default fusion-button-default-size button- button-flat\" style=\"margin-left:145px;\" href=\"https:\/\/toyotacf.ca\/wp-content\/uploads\/2021\/04\/01-Articles_Benefits-of-Leasing-3.pdf\" target=\"_self\"><span class=\"fusion-button-text\">T\u00e9l\u00e9charger l'article<\/span><\/a><div class=\"fusion-clearfix\"><\/div><\/div><\/div><div class=\"fusion-clearfix\"><\/div><\/div><\/div><\/div><\/div><\/div><div class=\"fusion-fullwidth fullwidth-box fusion-builder-row-3 fusion-flex-container nonhundred-percent-fullwidth non-hundred-percent-height-scrolling\" style=\"--link_hover_color: #7c878c;--awb-border-radius-top-left:0px;--awb-border-radius-top-right:0px;--awb-border-radius-bottom-right:0px;--awb-border-radius-bottom-left:0px;--awb-padding-bottom:0px;--awb-padding-right-medium:0px;--awb-padding-left-medium:0px;--awb-padding-right-small:20px;--awb-padding-left-small:20px;--awb-margin-top:69px;--awb-margin-bottom:-70px;--awb-flex-wrap:wrap;\" ><div class=\"fusion-builder-row fusion-row fusion-flex-align-items-flex-start fusion-flex-justify-content-center fusion-flex-content-wrap\" style=\"max-width:1248px;margin-left: calc(-4% \/ 2 );margin-right: calc(-4% \/ 2 );\"><div class=\"fusion-layout-column fusion_builder_column fusion-builder-column-3 fusion_builder_column_1_1 1_1 fusion-flex-column\" style=\"--awb-bg-size:cover;--awb-width-large:100%;--awb-margin-top-large:0px;--awb-spacing-right-large:1.92%;--awb-margin-bottom-large:0px;--awb-spacing-left-large:1.92%;--awb-width-medium:100%;--awb-order-medium:0;--awb-spacing-right-medium:1.92%;--awb-spacing-left-medium:1.92%;--awb-width-small:100%;--awb-order-small:0;--awb-spacing-right-small:1.92%;--awb-spacing-left-small:1.92%;\"><div class=\"fusion-column-wrapper fusion-column-has-shadow fusion-flex-justify-content-flex-start fusion-content-layout-column\"><div class=\"fusion-text fusion-text-1\" style=\"--awb-font-size:13px;--awb-text-color:#777777;\"><p class=\"fusion-responsive-typography-calculated\" style=\"--fontsize: 54; line-height: 1.16; color: #e31b23; text-align: center;\" data-fontsize=\"54\" data-lineheight=\"62.64px\"><span style=\"color: #808080;\">Toyota Commercial Finance est une marque de service de Toyota Industries Commercial Finance Inc., et de ses soci\u00e9t\u00e9s affili\u00e9es.<\/span><\/p>\n<\/div><\/div><\/div><\/div><\/div><\/p>\n","protected":false},"excerpt":{"rendered":"","protected":false},"author":1,"featured_media":0,"parent":0,"menu_order":0,"comment_status":"closed","ping_status":"closed","template":"","meta":{"footnotes":""},"class_list":["post-132","page","type-page","status-publish","hentry"],"yoast_head":"<!-- This site is optimized with the Yoast SEO plugin v27.4 - https:\/\/yoast.com\/product\/yoast-seo-wordpress\/ -->\n<title>Centre \u00e9ducatif - Toyota Commercial Finance<\/title>\n<meta name=\"robots\" content=\"index, follow, max-snippet:-1, max-image-preview:large, max-video-preview:-1\" \/>\n<link rel=\"canonical\" href=\"https:\/\/toyotacf.ca\/fr\/learning-center\/\" \/>\n<meta property=\"og:locale\" content=\"fr_FR\" \/>\n<meta property=\"og:type\" content=\"article\" \/>\n<meta property=\"og:title\" content=\"Centre \u00e9ducatif - Toyota Commercial Finance\" \/>\n<meta property=\"og:url\" content=\"https:\/\/toyotacf.ca\/fr\/learning-center\/\" \/>\n<meta property=\"og:site_name\" content=\"Toyota Commercial Finance\" \/>\n<meta property=\"article:modified_time\" content=\"2025-08-08T18:36:24+00:00\" \/>\n<meta name=\"twitter:card\" content=\"summary_large_image\" \/>\n<meta name=\"twitter:label1\" content=\"Dur\u00e9e de lecture estim\u00e9e\" \/>\n\t<meta name=\"twitter:data1\" content=\"1 minute\" \/>\n<script type=\"application\/ld+json\" class=\"yoast-schema-graph\">{\"@context\":\"https:\\\/\\\/schema.org\",\"@graph\":[{\"@type\":\"WebPage\",\"@id\":\"https:\\\/\\\/toyotacf.ca\\\/fr\\\/learning-center\\\/\",\"url\":\"https:\\\/\\\/toyotacf.ca\\\/fr\\\/learning-center\\\/\",\"name\":\"Centre \u00e9ducatif - Toyota Commercial Finance\",\"isPartOf\":{\"@id\":\"https:\\\/\\\/toyotacf.ca\\\/fr\\\/#website\"},\"datePublished\":\"2021-04-21T09:27:27+00:00\",\"dateModified\":\"2025-08-08T18:36:24+00:00\",\"breadcrumb\":{\"@id\":\"https:\\\/\\\/toyotacf.ca\\\/fr\\\/learning-center\\\/#breadcrumb\"},\"inLanguage\":\"fr-FR\",\"potentialAction\":[{\"@type\":\"ReadAction\",\"target\":[\"https:\\\/\\\/toyotacf.ca\\\/fr\\\/learning-center\\\/\"]}]},{\"@type\":\"BreadcrumbList\",\"@id\":\"https:\\\/\\\/toyotacf.ca\\\/fr\\\/learning-center\\\/#breadcrumb\",\"itemListElement\":[{\"@type\":\"ListItem\",\"position\":1,\"name\":\"Home\",\"item\":\"https:\\\/\\\/toyotacf.ca\\\/fr\\\/\"},{\"@type\":\"ListItem\",\"position\":2,\"name\":\"Centre \u00e9ducatif\"}]},{\"@type\":\"WebSite\",\"@id\":\"https:\\\/\\\/toyotacf.ca\\\/fr\\\/#website\",\"url\":\"https:\\\/\\\/toyotacf.ca\\\/fr\\\/\",\"name\":\"Toyota Commercial Finance\",\"description\":\"Canada\",\"potentialAction\":[{\"@type\":\"SearchAction\",\"target\":{\"@type\":\"EntryPoint\",\"urlTemplate\":\"https:\\\/\\\/toyotacf.ca\\\/fr\\\/?s={search_term_string}\"},\"query-input\":{\"@type\":\"PropertyValueSpecification\",\"valueRequired\":true,\"valueName\":\"search_term_string\"}}],\"inLanguage\":\"fr-FR\"}]}<\/script>\n<!-- \/ Yoast SEO plugin. -->","yoast_head_json":{"title":"Centre \u00e9ducatif - Toyota Commercial Finance","robots":{"index":"index","follow":"follow","max-snippet":"max-snippet:-1","max-image-preview":"max-image-preview:large","max-video-preview":"max-video-preview:-1"},"canonical":"https:\/\/toyotacf.ca\/fr\/learning-center\/","og_locale":"fr_FR","og_type":"article","og_title":"Centre \u00e9ducatif - Toyota Commercial Finance","og_url":"https:\/\/toyotacf.ca\/fr\/learning-center\/","og_site_name":"Toyota Commercial Finance","article_modified_time":"2025-08-08T18:36:24+00:00","twitter_card":"summary_large_image","twitter_misc":{"Dur\u00e9e de lecture estim\u00e9e":"1 minute"},"schema":{"@context":"https:\/\/schema.org","@graph":[{"@type":"WebPage","@id":"https:\/\/toyotacf.ca\/fr\/learning-center\/","url":"https:\/\/toyotacf.ca\/fr\/learning-center\/","name":"Centre \u00e9ducatif - Toyota Commercial Finance","isPartOf":{"@id":"https:\/\/toyotacf.ca\/fr\/#website"},"datePublished":"2021-04-21T09:27:27+00:00","dateModified":"2025-08-08T18:36:24+00:00","breadcrumb":{"@id":"https:\/\/toyotacf.ca\/fr\/learning-center\/#breadcrumb"},"inLanguage":"fr-FR","potentialAction":[{"@type":"ReadAction","target":["https:\/\/toyotacf.ca\/fr\/learning-center\/"]}]},{"@type":"BreadcrumbList","@id":"https:\/\/toyotacf.ca\/fr\/learning-center\/#breadcrumb","itemListElement":[{"@type":"ListItem","position":1,"name":"Home","item":"https:\/\/toyotacf.ca\/fr\/"},{"@type":"ListItem","position":2,"name":"Centre \u00e9ducatif"}]},{"@type":"WebSite","@id":"https:\/\/toyotacf.ca\/fr\/#website","url":"https:\/\/toyotacf.ca\/fr\/","name":"Toyota Commercial Finance","description":"Canada","potentialAction":[{"@type":"SearchAction","target":{"@type":"EntryPoint","urlTemplate":"https:\/\/toyotacf.ca\/fr\/?s={search_term_string}"},"query-input":{"@type":"PropertyValueSpecification","valueRequired":true,"valueName":"search_term_string"}}],"inLanguage":"fr-FR"}]}},"_links":{"self":[{"href":"https:\/\/toyotacf.ca\/fr\/wp-json\/wp\/v2\/pages\/132","targetHints":{"allow":["GET"]}}],"collection":[{"href":"https:\/\/toyotacf.ca\/fr\/wp-json\/wp\/v2\/pages"}],"about":[{"href":"https:\/\/toyotacf.ca\/fr\/wp-json\/wp\/v2\/types\/page"}],"author":[{"embeddable":true,"href":"https:\/\/toyotacf.ca\/fr\/wp-json\/wp\/v2\/users\/1"}],"replies":[{"embeddable":true,"href":"https:\/\/toyotacf.ca\/fr\/wp-json\/wp\/v2\/comments?post=132"}],"version-history":[{"count":0,"href":"https:\/\/toyotacf.ca\/fr\/wp-json\/wp\/v2\/pages\/132\/revisions"}],"wp:attachment":[{"href":"https:\/\/toyotacf.ca\/fr\/wp-json\/wp\/v2\/media?parent=132"}],"curies":[{"name":"wp","href":"https:\/\/api.w.org\/{rel}","templated":true}]}}