{"id":130,"date":"2021-04-24T10:12:08","date_gmt":"2021-04-24T10:12:08","guid":{"rendered":"http:\/\/www.rainmakerdigital.net\/tcf\/?page_id=130"},"modified":"2022-02-07T20:58:04","modified_gmt":"2022-02-07T20:58:04","slug":"home","status":"publish","type":"page","link":"https:\/\/toyotacf.ca\/fr\/","title":{"rendered":"Home"},"content":{"rendered":"<p><div class=\"fusion-fullwidth fullwidth-box fusion-builder-row-1 fusion-flex-container nonhundred-percent-fullwidth non-hundred-percent-height-scrolling\" style=\"--link_hover_color: #7e878c;--awb-border-radius-top-left:0px;--awb-border-radius-top-right:0px;--awb-border-radius-bottom-right:0px;--awb-border-radius-bottom-left:0px;--awb-padding-top:0px;--awb-padding-right:170px;--awb-padding-bottom:60px;--awb-padding-left:170px;--awb-padding-right-medium:30px;--awb-padding-left-medium:30px;--awb-padding-right-small:50px;--awb-padding-left-small:50px;--awb-margin-top:0px;--awb-margin-bottom:0px;--awb-flex-wrap:wrap;\" ><div class=\"fusion-builder-row fusion-row fusion-flex-align-items-flex-start fusion-flex-content-wrap\" style=\"max-width:calc( 1200px + 0px );margin-left: calc(-0px \/ 2 );margin-right: calc(-0px \/ 2 );\"><div class=\"fusion-layout-column fusion_builder_column fusion-builder-column-0 fusion_builder_column_1_1 1_1 fusion-flex-column\" style=\"--awb-bg-size:cover;--awb-width-large:100%;--awb-margin-top-large:0px;--awb-spacing-right-large:0px;--awb-margin-bottom-large:0px;--awb-spacing-left-large:0px;--awb-width-medium:100%;--awb-spacing-right-medium:0px;--awb-spacing-left-medium:0px;--awb-width-small:100%;--awb-spacing-right-small:0px;--awb-spacing-left-small:0px;\"><div class=\"fusion-column-wrapper fusion-flex-justify-content-flex-start fusion-content-layout-column\"><div class=\"fusion-text fusion-text-1 cont-box-below-heading\" style=\"--awb-line-height:1.5;--awb-text-color:#777777;--awb-text-font-family:&quot;Roboto Condensed&quot;;--awb-text-font-style:normal;--awb-text-font-weight:400;\"><h1><span style=\"color: #e31b23;\">Toyota Industries Commercial Finance Canada<\/span><\/h1>\n<p>Toyota Industries Commercial Finance Canada, Inc. (TICF Canada) est un important fournisseur de financement pour vos \u00e9quipements de manutention, de transport, de l&rsquo;automatisation et la logistique avanc\u00e9e au Canada. Depuis 2003, notre soci\u00e9t\u00e9 aide les organisations de tout au pays \u00e0 acqu\u00e9rir et \u00e0 mettre en \u0153uvre des solutions Toyota de pointe et fiables pour am\u00e9liorer le rendement de leurs activit\u00e9s. Notre si\u00e8ge social est situ\u00e9 \u00e0 Toronto et avons une pr\u00e9sence r\u00e9gionale \u00e0 Vancouver, dans l&rsquo;ouest de l&rsquo;Ontario ainsi qu\u2019\u00e0 Montr\u00e9al. Notre \u00e9quipe d\u00e9vou\u00e9e de professionnels de services financiers apporte avec elle une exp\u00e9rience incroyablement vaste et compl\u00e8te qui aide \u00e0 comprendre votre entreprise et \u00e0 garantir que le produit financier qui soutient votre technologie est le bon. TICF Canada est une filiale de <a href=\"https:\/\/www.toyota-industries.com\/\">Toyota Industries Corporation<\/a> du Japon. Notre entreprise b\u00e9n\u00e9ficie du fait qu&rsquo;elle fait partie d&rsquo;un r\u00e9seau mondial de soci\u00e9t\u00e9s TICF, alliant un service local et une connaissance du march\u00e9 \u00e0 des ressources et une expertise mondiale. Le service d\u00e9vou\u00e9, la flexibilit\u00e9 et la facilit\u00e9 de faire des affaires distinguent TICF Canada des autres pr\u00eateurs et expliquent pourquoi des milliers d&rsquo;entreprises et d&rsquo;organisations nous font confiance \u00e0 l&rsquo;\u00e9chelle nationale.<\/p>\n<p>Pour de plus amples renseignements, n\u2019h\u00e9sitez pas \u00e0 communiquer avec nous. Un de nos repr\u00e9sentants se fera un plaisir de vous servir.<\/p>\n<\/div>\t\t\t\t\t<script type=\"text\/javascript\">\n\t\t\t\t\t\tvar map_fusion_map_69d8d981c7854;\n\t\t\t\t\t\tvar markers = [];\n\t\t\t\t\t\tvar counter = 0;\n\t\t\t\t\t\t\t\t\t\t\t\t\t\t\t\t\t\t\t\tvar fusionMapNonce = '4a403f5400';\n\t\t\t\t\t\t\t\t\t\t\t\tfunction fusion_run_map_fusion_map_69d8d981c7854() {\n\t\t\t\t\t\t\tjQuery ('#fusion_map_69d8d981c7854' ).fusion_maps( {\n\t\t\t\t\t\t\t\taddresses: [{\"address\":\"Toyota Commercial Finance Canada\",\"infobox_content\":\"\",\"coordinates\":false,\"cache\":true,\"latitude\":\"43.6455481\",\"longitude\":\"-79.5662266\"}],\n\t\t\t\t\t\t\t\tanimations: true,\n\t\t\t\t\t\t\t\tinfobox_background_color: '',\n\t\t\t\t\t\t\t\tinfobox_styling: 'default',\n\t\t\t\t\t\t\t\tinfobox_text_color: '',\n\t\t\t\t\t\t\t\tmap_style: 'custom',\n\t\t\t\t\t\t\t\tmap_type: 'roadmap',\n\t\t\t\t\t\t\t\tmarker_icon: '',\n\t\t\t\t\t\t\t\toverlay_color: '#919191',\n\t\t\t\t\t\t\t\toverlay_color_hsl: {\"hue\":0,\"sat\":0,\"lum\":57},\n\t\t\t\t\t\t\t\tshow_address: false,\n\t\t\t\t\t\t\t\tscale_control: true,\n\t\t\t\t\t\t\t\tscrollwheel: true,\n\t\t\t\t\t\t\t\tzoom: 14,\n\t\t\t\t\t\t\t\tzoom_control: true,\n\t\t\t\t\t\t\t} );\n\t\t\t\t\t\t}\n\n\t\t\t\t\t\tgoogle.maps.event.addDomListener(window, 'load', fusion_run_map_fusion_map_69d8d981c7854);\n\t\t\t\t\t<\/script>\n\t\t\t\t\t<div class=\"shortcode-map fusion-google-map fusion-maps-js-type\" style=\"--awb-height:500px;\" id=\"fusion_map_69d8d981c7854\"><\/div><div class=\"fusion-text fusion-text-2\" style=\"--awb-line-height:1.5;--awb-text-font-family:&quot;Roboto Condensed&quot;;\"><p style=\"text-align: center;\"><span style=\"color: #777777;\"><strong>Toyota Commercial Finance Canada<\/strong><\/span><br \/>\n<span style=\"color: #777777;\"><strong>401, The West Mall, bureau 630<\/strong><\/span><br \/>\n<span style=\"color: #777777;\"><strong>Toronto (Ontario) M9C 4Y5<\/strong><\/span><\/p>\n<p style=\"text-align: center;\"><span style=\"color: #777777;\">T\u00e9l\u00e9phone : 416-621-5522 ou 1-800-530-0225<\/span><br \/>\n<span style=\"color: #777777;\">Courriel :<\/span>\u00a0<a href=\"mailto:info@toyotacf.ca\">info@toyotacf.ca<\/a><br \/>\n<span style=\"color: #777777;\">Service \u00e0 la client\u00e8le<\/span> :\u00a0<a href=\"mailto:customerservice@toyotacf.ca\">customerservice@toyotacf.ca<\/a><\/p>\n<\/div><\/div><\/div><\/div><\/div><div class=\"fusion-fullwidth fullwidth-box fusion-builder-row-2 fusion-flex-container hundred-percent-fullwidth non-hundred-percent-height-scrolling\" style=\"--link_hover_color: #7e878c;--awb-border-radius-top-left:0px;--awb-border-radius-top-right:0px;--awb-border-radius-bottom-right:0px;--awb-border-radius-bottom-left:0px;--awb-padding-right:170px;--awb-padding-left:170px;--awb-padding-right-medium:30px;--awb-padding-left-medium:30px;--awb-padding-right-small:50px;--awb-padding-left-small:50px;--awb-margin-bottom:-70px;--awb-background-color:#555555;--awb-flex-wrap:wrap;\" ><div class=\"fusion-builder-row fusion-row fusion-flex-align-items-flex-start fusion-flex-content-wrap\" style=\"width:104% !important;max-width:104% !important;margin-left: calc(-4% \/ 2 );margin-right: calc(-4% \/ 2 );\"><div class=\"fusion-layout-column fusion_builder_column fusion-builder-column-1 fusion_builder_column_1_1 1_1 fusion-flex-column\" style=\"--awb-bg-size:cover;--awb-width-large:100%;--awb-margin-top-large:0px;--awb-spacing-right-large:1.92%;--awb-margin-bottom-large:20px;--awb-spacing-left-large:1.92%;--awb-width-medium:100%;--awb-order-medium:0;--awb-spacing-right-medium:1.92%;--awb-spacing-left-medium:1.92%;--awb-width-small:100%;--awb-order-small:0;--awb-spacing-right-small:1.92%;--awb-spacing-left-small:1.92%;\"><div class=\"fusion-column-wrapper fusion-column-has-shadow fusion-flex-justify-content-flex-start fusion-content-layout-column\"><div class=\"fusion-title title fusion-title-1 fusion-sep-none fusion-title-center fusion-title-text fusion-title-size-div\" style=\"--awb-text-color:#b7b7b7;--awb-margin-bottom:0px;--awb-margin-top-small:10px;--awb-margin-bottom-small:10px;--awb-font-size:14px;\"><div class=\"fusion-title-heading title-heading-center title-heading-tag\" style=\"font-family:&quot;Roboto Condensed&quot;;margin:0;font-size:1em;\">Toyota Commercial Finance est une marque de service de Toyota Industries Commercial Finance Inc., et de ses soci\u00e9t\u00e9s affili\u00e9es.<\/div><\/div><\/div><\/div><\/div><\/div><\/p>\n","protected":false},"excerpt":{"rendered":"","protected":false},"author":1,"featured_media":0,"parent":0,"menu_order":0,"comment_status":"closed","ping_status":"closed","template":"","meta":{"footnotes":""},"class_list":["post-130","page","type-page","status-publish","hentry"],"yoast_head":"<!-- This site is optimized with the Yoast SEO plugin v27.3 - https:\/\/yoast.com\/product\/yoast-seo-wordpress\/ -->\n<title>Home - Toyota Commercial Finance<\/title>\n<meta name=\"robots\" content=\"index, follow, max-snippet:-1, max-image-preview:large, max-video-preview:-1\" \/>\n<link rel=\"canonical\" href=\"https:\/\/toyotacf.ca\/fr\/\" \/>\n<meta property=\"og:locale\" content=\"fr_FR\" \/>\n<meta property=\"og:type\" content=\"article\" \/>\n<meta property=\"og:title\" content=\"Home - Toyota Commercial Finance\" \/>\n<meta property=\"og:url\" content=\"https:\/\/toyotacf.ca\/fr\/\" \/>\n<meta property=\"og:site_name\" content=\"Toyota Commercial Finance\" \/>\n<meta property=\"article:modified_time\" content=\"2022-02-07T20:58:04+00:00\" \/>\n<meta name=\"twitter:card\" content=\"summary_large_image\" \/>\n<meta name=\"twitter:label1\" content=\"Dur\u00e9e de lecture estim\u00e9e\" \/>\n\t<meta name=\"twitter:data1\" content=\"6 minutes\" \/>\n<script type=\"application\/ld+json\" class=\"yoast-schema-graph\">{\"@context\":\"https:\\\/\\\/schema.org\",\"@graph\":[{\"@type\":\"WebPage\",\"@id\":\"https:\\\/\\\/toyotacf.ca\\\/fr\\\/\",\"url\":\"https:\\\/\\\/toyotacf.ca\\\/fr\\\/\",\"name\":\"Home - Toyota Commercial Finance\",\"isPartOf\":{\"@id\":\"https:\\\/\\\/toyotacf.ca\\\/fr\\\/#website\"},\"datePublished\":\"2021-04-24T10:12:08+00:00\",\"dateModified\":\"2022-02-07T20:58:04+00:00\",\"breadcrumb\":{\"@id\":\"https:\\\/\\\/toyotacf.ca\\\/fr\\\/#breadcrumb\"},\"inLanguage\":\"fr-FR\",\"potentialAction\":[{\"@type\":\"ReadAction\",\"target\":[\"https:\\\/\\\/toyotacf.ca\\\/fr\\\/\"]}]},{\"@type\":\"BreadcrumbList\",\"@id\":\"https:\\\/\\\/toyotacf.ca\\\/fr\\\/#breadcrumb\",\"itemListElement\":[{\"@type\":\"ListItem\",\"position\":1,\"name\":\"Home\",\"item\":\"https:\\\/\\\/toyotacf.ca\\\/fr\\\/\"},{\"@type\":\"ListItem\",\"position\":2,\"name\":\"Home\"}]},{\"@type\":\"WebSite\",\"@id\":\"https:\\\/\\\/toyotacf.ca\\\/fr\\\/#website\",\"url\":\"https:\\\/\\\/toyotacf.ca\\\/fr\\\/\",\"name\":\"Toyota Commercial Finance\",\"description\":\"Canada\",\"potentialAction\":[{\"@type\":\"SearchAction\",\"target\":{\"@type\":\"EntryPoint\",\"urlTemplate\":\"https:\\\/\\\/toyotacf.ca\\\/fr\\\/?s={search_term_string}\"},\"query-input\":{\"@type\":\"PropertyValueSpecification\",\"valueRequired\":true,\"valueName\":\"search_term_string\"}}],\"inLanguage\":\"fr-FR\"}]}<\/script>\n<!-- \/ Yoast SEO plugin. -->","yoast_head_json":{"title":"Home - Toyota Commercial Finance","robots":{"index":"index","follow":"follow","max-snippet":"max-snippet:-1","max-image-preview":"max-image-preview:large","max-video-preview":"max-video-preview:-1"},"canonical":"https:\/\/toyotacf.ca\/fr\/","og_locale":"fr_FR","og_type":"article","og_title":"Home - Toyota Commercial Finance","og_url":"https:\/\/toyotacf.ca\/fr\/","og_site_name":"Toyota Commercial Finance","article_modified_time":"2022-02-07T20:58:04+00:00","twitter_card":"summary_large_image","twitter_misc":{"Dur\u00e9e de lecture estim\u00e9e":"6 minutes"},"schema":{"@context":"https:\/\/schema.org","@graph":[{"@type":"WebPage","@id":"https:\/\/toyotacf.ca\/fr\/","url":"https:\/\/toyotacf.ca\/fr\/","name":"Home - Toyota Commercial Finance","isPartOf":{"@id":"https:\/\/toyotacf.ca\/fr\/#website"},"datePublished":"2021-04-24T10:12:08+00:00","dateModified":"2022-02-07T20:58:04+00:00","breadcrumb":{"@id":"https:\/\/toyotacf.ca\/fr\/#breadcrumb"},"inLanguage":"fr-FR","potentialAction":[{"@type":"ReadAction","target":["https:\/\/toyotacf.ca\/fr\/"]}]},{"@type":"BreadcrumbList","@id":"https:\/\/toyotacf.ca\/fr\/#breadcrumb","itemListElement":[{"@type":"ListItem","position":1,"name":"Home","item":"https:\/\/toyotacf.ca\/fr\/"},{"@type":"ListItem","position":2,"name":"Home"}]},{"@type":"WebSite","@id":"https:\/\/toyotacf.ca\/fr\/#website","url":"https:\/\/toyotacf.ca\/fr\/","name":"Toyota Commercial Finance","description":"Canada","potentialAction":[{"@type":"SearchAction","target":{"@type":"EntryPoint","urlTemplate":"https:\/\/toyotacf.ca\/fr\/?s={search_term_string}"},"query-input":{"@type":"PropertyValueSpecification","valueRequired":true,"valueName":"search_term_string"}}],"inLanguage":"fr-FR"}]}},"_links":{"self":[{"href":"https:\/\/toyotacf.ca\/fr\/wp-json\/wp\/v2\/pages\/130","targetHints":{"allow":["GET"]}}],"collection":[{"href":"https:\/\/toyotacf.ca\/fr\/wp-json\/wp\/v2\/pages"}],"about":[{"href":"https:\/\/toyotacf.ca\/fr\/wp-json\/wp\/v2\/types\/page"}],"author":[{"embeddable":true,"href":"https:\/\/toyotacf.ca\/fr\/wp-json\/wp\/v2\/users\/1"}],"replies":[{"embeddable":true,"href":"https:\/\/toyotacf.ca\/fr\/wp-json\/wp\/v2\/comments?post=130"}],"version-history":[{"count":0,"href":"https:\/\/toyotacf.ca\/fr\/wp-json\/wp\/v2\/pages\/130\/revisions"}],"wp:attachment":[{"href":"https:\/\/toyotacf.ca\/fr\/wp-json\/wp\/v2\/media?parent=130"}],"curies":[{"name":"wp","href":"https:\/\/api.w.org\/{rel}","templated":true}]}}