{"id":128,"date":"2021-04-21T10:43:58","date_gmt":"2021-04-21T10:43:58","guid":{"rendered":"http:\/\/www.rainmakerdigital.net\/tcf\/?page_id=128"},"modified":"2025-01-20T21:48:22","modified_gmt":"2025-01-20T21:48:22","slug":"contact-us","status":"publish","type":"page","link":"https:\/\/toyotacf.ca\/fr\/contact-us\/","title":{"rendered":"Contactez-nous"},"content":{"rendered":"<p><div class=\"fusion-fullwidth fullwidth-box fusion-builder-row-1 fusion-flex-container nonhundred-percent-fullwidth non-hundred-percent-height-scrolling\" style=\"--link_hover_color: #777777;--awb-border-radius-top-left:0px;--awb-border-radius-top-right:0px;--awb-border-radius-bottom-right:0px;--awb-border-radius-bottom-left:0px;--awb-padding-bottom:0px;--awb-padding-right-medium:0px;--awb-padding-left-medium:0px;--awb-padding-right-small:20px;--awb-padding-left-small:20px;--awb-margin-top:-40px;--awb-flex-wrap:wrap;\" ><div class=\"fusion-builder-row fusion-row fusion-flex-align-items-center fusion-flex-justify-content-center fusion-flex-content-wrap\" style=\"max-width:1248px;margin-left: calc(-4% \/ 2 );margin-right: calc(-4% \/ 2 );\"><div class=\"fusion-layout-column fusion_builder_column fusion-builder-column-0 fusion_builder_column_1_1 1_1 fusion-flex-column fusion-flex-align-self-center\" style=\"--awb-bg-size:cover;--awb-width-large:100%;--awb-margin-top-large:0px;--awb-spacing-right-large:1.92%;--awb-margin-bottom-large:0px;--awb-spacing-left-large:1.92%;--awb-width-medium:100%;--awb-order-medium:0;--awb-spacing-right-medium:1.92%;--awb-spacing-left-medium:1.92%;--awb-width-small:100%;--awb-order-small:0;--awb-spacing-right-small:1.92%;--awb-spacing-left-small:1.92%;\"><div class=\"fusion-column-wrapper fusion-column-has-shadow fusion-flex-justify-content-center fusion-content-layout-column\"><div class=\"fusion-image-element \" style=\"text-align:center;--awb-caption-title-font-family:var(--h2_typography-font-family);--awb-caption-title-font-weight:var(--h2_typography-font-weight);--awb-caption-title-font-style:var(--h2_typography-font-style);--awb-caption-title-size:var(--h2_typography-font-size);--awb-caption-title-transform:var(--h2_typography-text-transform);--awb-caption-title-line-height:var(--h2_typography-line-height);--awb-caption-title-letter-spacing:var(--h2_typography-letter-spacing);\"><span class=\" fusion-imageframe imageframe-none imageframe-1 hover-type-none\"><img decoding=\"async\" width=\"1024\" height=\"576\" title=\"Contact-Landing\" src=\"http:\/\/www.rainmakerdigital.net\/tcf\/wp-content\/uploads\/2021\/04\/Contact-Landing-1024x576.jpg\" alt class=\"img-responsive wp-image-138\" srcset=\"https:\/\/toyotacf.ca\/wp-content\/uploads\/2021\/04\/Contact-Landing-200x112.jpg 200w, https:\/\/toyotacf.ca\/wp-content\/uploads\/2021\/04\/Contact-Landing-400x225.jpg 400w, https:\/\/toyotacf.ca\/wp-content\/uploads\/2021\/04\/Contact-Landing-600x337.jpg 600w, https:\/\/toyotacf.ca\/wp-content\/uploads\/2021\/04\/Contact-Landing-800x450.jpg 800w, https:\/\/toyotacf.ca\/wp-content\/uploads\/2021\/04\/Contact-Landing-1200x675.jpg 1200w, https:\/\/toyotacf.ca\/wp-content\/uploads\/2021\/04\/Contact-Landing.jpg 1366w\" sizes=\"(max-width: 640px) 100vw, 1200px\" \/><\/span><\/div><\/div><\/div><\/div><\/div><div class=\"fusion-fullwidth fullwidth-box fusion-builder-row-2 fusion-flex-container nonhundred-percent-fullwidth non-hundred-percent-height-scrolling\" style=\"--link_hover_color: #777777;--awb-border-radius-top-left:0px;--awb-border-radius-top-right:0px;--awb-border-radius-bottom-right:0px;--awb-border-radius-bottom-left:0px;--awb-padding-right-medium:0px;--awb-padding-left-medium:0px;--awb-padding-right-small:20px;--awb-padding-left-small:20px;--awb-margin-top:20px;--awb-flex-wrap:wrap;\" ><div class=\"fusion-builder-row fusion-row fusion-flex-align-items-flex-start fusion-flex-content-wrap\" style=\"max-width:calc( 1200px + 0px );margin-left: calc(-0px \/ 2 );margin-right: calc(-0px \/ 2 );\"><div class=\"fusion-layout-column fusion_builder_column fusion-builder-column-1 fusion_builder_column_1_1 1_1 fusion-flex-column\" style=\"--awb-bg-blend:overlay;--awb-bg-size:cover;--awb-width-large:100%;--awb-margin-top-large:0px;--awb-spacing-right-large:0px;--awb-margin-bottom-large:0px;--awb-spacing-left-large:0px;--awb-width-medium:100%;--awb-spacing-right-medium:0px;--awb-spacing-left-medium:0px;--awb-width-small:100%;--awb-spacing-right-small:0px;--awb-spacing-left-small:0px;\"><div class=\"fusion-column-wrapper fusion-flex-justify-content-flex-start fusion-content-layout-column\"><div class=\"fusion-text fusion-text-1\" style=\"--awb-line-height:1.3;--awb-text-transform:none;--awb-text-color:#777777;\"><h2 class=\"fusion-responsive-typography-calculated\" style=\"--fontsize: 54; line-height: 1.16; color: #e31b23;\" data-fontsize=\"54\" data-lineheight=\"62.64px\">Toyota Industries Commercial Finance Canada<\/h2>\n<p>Notre \u00e9quipe de professionnels des services financiers est pr\u00eate \u00e0 aider votre entreprise \u00e0 atteindre de nouveaux sommets.<\/p>\n<p>Tel: (416) 621-5522<\/p>\n<p>Si vous souhaitez obtenir des informations sur nos produits ou services, veuillez nous appeler ou nous envoyer un courriel \u00e0 l\u2019adresse <a href=\"mailto:info@toyotacf.ca\">info@toyotacf.ca<\/a>.<\/p>\n<p>Si vous \u00eates un client existant, veuillez nous appeler ou nous envoyer un courriel \u00e0 l\u2019adresse <a href=\"mailto:customerservice@toyotacf.ca\">customerservice@toyotacf.ca<\/a>. Pour un service plus rapide, veuillez inclure votre num\u00e9ro de contrat et \/ ou le nom l\u00e9gal de votre entreprise.<\/p>\n<p>Pour suivre notre \u00e9quipe sur les m\u00e9dias sociaux, suivez-nous sur <a href=\"https:\/\/www.linkedin.com\/company\/toyota-industries-commercial-finance-canada-inc\/\">Linkedin\u00ae<\/a>.<\/p>\n<p>Si vous commercialisez un produit ou un service aupr\u00e8s de TICF Canada, veuillez nous envoyer un courriel \u00e0 l\u2019adresse <a href=\"mailto:info@toyotacf.ca\">info@toyotacf.ca<\/a>.<\/p>\n<p>Nos heures d\u2019ouverture sont de 8h00 \u00e0 17h00, heure normale de l\u2019Est, du lundi au vendredi. Nous sommes ferm\u00e9s le week-end. Les visites \u00e0 notre bureau se font uniquement sur rendez-vous.<\/p>\n<\/div><div class=\"fusion-text fusion-text-2\" style=\"--awb-line-height:1.3;--awb-text-transform:none;\"><p style=\"text-align: center;\"><span style=\"color: #777777;\"><strong>Toyota Industries Commercial Finance Canada<\/strong><\/span><br \/>\n<span style=\"color: #777777;\"><strong>401 The West Mall, Suite 630<\/strong><\/span><br \/>\n<span style=\"color: #777777;\"><strong>Toronto, ON M9C 5J5<\/strong><\/span><\/p>\n<\/div>\t\t\t\t\t<script type=\"text\/javascript\">\n\t\t\t\t\t\tvar map_fusion_map_69eb98742ccec;\n\t\t\t\t\t\tvar markers = [];\n\t\t\t\t\t\tvar counter = 0;\n\t\t\t\t\t\t\t\t\t\t\t\t\t\t\t\t\t\t\t\tvar fusionMapNonce = 'b59840fd5a';\n\t\t\t\t\t\t\t\t\t\t\t\tfunction fusion_run_map_fusion_map_69eb98742ccec() {\n\t\t\t\t\t\t\tjQuery ('#fusion_map_69eb98742ccec' ).fusion_maps( {\n\t\t\t\t\t\t\t\taddresses: [{\"address\":\"Toyota Commercial Finance Canada\",\"infobox_content\":\"\",\"coordinates\":false,\"cache\":true,\"latitude\":\"43.6455481\",\"longitude\":\"-79.5662266\"}],\n\t\t\t\t\t\t\t\tanimations: false,\n\t\t\t\t\t\t\t\tinfobox_background_color: '',\n\t\t\t\t\t\t\t\tinfobox_styling: 'default',\n\t\t\t\t\t\t\t\tinfobox_text_color: '',\n\t\t\t\t\t\t\t\tmap_style: 'custom',\n\t\t\t\t\t\t\t\tmap_type: 'roadmap',\n\t\t\t\t\t\t\t\tmarker_icon: '',\n\t\t\t\t\t\t\t\toverlay_color: '#919191',\n\t\t\t\t\t\t\t\toverlay_color_hsl: {\"hue\":0,\"sat\":0,\"lum\":57},\n\t\t\t\t\t\t\t\tshow_address: true,\n\t\t\t\t\t\t\t\tscale_control: true,\n\t\t\t\t\t\t\t\tscrollwheel: true,\n\t\t\t\t\t\t\t\tzoom: 14,\n\t\t\t\t\t\t\t\tzoom_control: true,\n\t\t\t\t\t\t\t} );\n\t\t\t\t\t\t}\n\n\t\t\t\t\t\tgoogle.maps.event.addDomListener(window, 'load', fusion_run_map_fusion_map_69eb98742ccec);\n\t\t\t\t\t<\/script>\n\t\t\t\t\t<div class=\"shortcode-map fusion-google-map fusion-maps-js-type\" id=\"fusion_map_69eb98742ccec\"><\/div><\/div><\/div><\/div><\/div><div class=\"fusion-fullwidth fullwidth-box fusion-builder-row-3 fusion-flex-container nonhundred-percent-fullwidth non-hundred-percent-height-scrolling\" style=\"--link_hover_color: #78858c;--awb-border-radius-top-left:0px;--awb-border-radius-top-right:0px;--awb-border-radius-bottom-right:0px;--awb-border-radius-bottom-left:0px;--awb-padding-bottom:0px;--awb-padding-right-medium:35px;--awb-padding-left-medium:0px;--awb-padding-right-small:20px;--awb-padding-left-small:20px;--awb-margin-top:100px;--awb-margin-bottom:-70px;--awb-flex-wrap:wrap;\" ><div class=\"fusion-builder-row fusion-row fusion-flex-align-items-flex-start fusion-flex-justify-content-center fusion-flex-content-wrap\" style=\"max-width:1248px;margin-left: calc(-4% \/ 2 );margin-right: calc(-4% \/ 2 );\"><div class=\"fusion-layout-column fusion_builder_column fusion-builder-column-2 fusion_builder_column_1_1 1_1 fusion-flex-column\" style=\"--awb-bg-size:cover;--awb-width-large:100%;--awb-margin-top-large:0px;--awb-spacing-right-large:1.92%;--awb-margin-bottom-large:0px;--awb-spacing-left-large:1.92%;--awb-width-medium:100%;--awb-order-medium:0;--awb-spacing-right-medium:1.92%;--awb-spacing-left-medium:1.92%;--awb-width-small:100%;--awb-order-small:0;--awb-spacing-right-small:1.92%;--awb-spacing-left-small:1.92%;\"><div class=\"fusion-column-wrapper fusion-column-has-shadow fusion-flex-justify-content-flex-start fusion-content-layout-column\"><div class=\"fusion-text fusion-text-3\" style=\"--awb-font-size:13px;--awb-text-color:#777777;\"><p class=\"fusion-responsive-typography-calculated\" style=\"--fontsize: 54; line-height: 1.16; color: #e31b23; text-align: center;\" data-fontsize=\"54\" data-lineheight=\"62.64px\"><span style=\"color: #999999;\">Toyota Commercial Finance est une marque de service de Toyota Industries Commercial Finance Inc., et de ses soci\u00e9t\u00e9s affili\u00e9es.<\/span><\/p>\n<\/div><\/div><\/div><\/div><\/div><\/p>\n","protected":false},"excerpt":{"rendered":"","protected":false},"author":1,"featured_media":0,"parent":0,"menu_order":0,"comment_status":"closed","ping_status":"closed","template":"","meta":{"footnotes":""},"class_list":["post-128","page","type-page","status-publish","hentry"],"yoast_head":"<!-- This site is optimized with the Yoast SEO plugin v27.4 - https:\/\/yoast.com\/product\/yoast-seo-wordpress\/ -->\n<title>Contactez-nous - Toyota Commercial Finance<\/title>\n<meta name=\"robots\" content=\"index, follow, max-snippet:-1, max-image-preview:large, max-video-preview:-1\" \/>\n<link rel=\"canonical\" href=\"https:\/\/toyotacf.ca\/fr\/contact-us\/\" \/>\n<meta property=\"og:locale\" content=\"fr_FR\" \/>\n<meta property=\"og:type\" content=\"article\" \/>\n<meta property=\"og:title\" content=\"Contactez-nous - Toyota Commercial Finance\" \/>\n<meta property=\"og:url\" content=\"https:\/\/toyotacf.ca\/fr\/contact-us\/\" \/>\n<meta property=\"og:site_name\" content=\"Toyota Commercial Finance\" \/>\n<meta property=\"article:modified_time\" content=\"2025-01-20T21:48:22+00:00\" \/>\n<meta name=\"twitter:card\" content=\"summary_large_image\" \/>\n<meta name=\"twitter:label1\" content=\"Dur\u00e9e de lecture estim\u00e9e\" \/>\n\t<meta name=\"twitter:data1\" content=\"2 minutes\" \/>\n<script type=\"application\/ld+json\" class=\"yoast-schema-graph\">{\"@context\":\"https:\\\/\\\/schema.org\",\"@graph\":[{\"@type\":\"WebPage\",\"@id\":\"https:\\\/\\\/toyotacf.ca\\\/fr\\\/contact-us\\\/\",\"url\":\"https:\\\/\\\/toyotacf.ca\\\/fr\\\/contact-us\\\/\",\"name\":\"Contactez-nous - Toyota Commercial Finance\",\"isPartOf\":{\"@id\":\"https:\\\/\\\/toyotacf.ca\\\/fr\\\/#website\"},\"datePublished\":\"2021-04-21T10:43:58+00:00\",\"dateModified\":\"2025-01-20T21:48:22+00:00\",\"breadcrumb\":{\"@id\":\"https:\\\/\\\/toyotacf.ca\\\/fr\\\/contact-us\\\/#breadcrumb\"},\"inLanguage\":\"fr-FR\",\"potentialAction\":[{\"@type\":\"ReadAction\",\"target\":[\"https:\\\/\\\/toyotacf.ca\\\/fr\\\/contact-us\\\/\"]}]},{\"@type\":\"BreadcrumbList\",\"@id\":\"https:\\\/\\\/toyotacf.ca\\\/fr\\\/contact-us\\\/#breadcrumb\",\"itemListElement\":[{\"@type\":\"ListItem\",\"position\":1,\"name\":\"Home\",\"item\":\"https:\\\/\\\/toyotacf.ca\\\/fr\\\/\"},{\"@type\":\"ListItem\",\"position\":2,\"name\":\"Contactez-nous\"}]},{\"@type\":\"WebSite\",\"@id\":\"https:\\\/\\\/toyotacf.ca\\\/fr\\\/#website\",\"url\":\"https:\\\/\\\/toyotacf.ca\\\/fr\\\/\",\"name\":\"Toyota Commercial Finance\",\"description\":\"Canada\",\"potentialAction\":[{\"@type\":\"SearchAction\",\"target\":{\"@type\":\"EntryPoint\",\"urlTemplate\":\"https:\\\/\\\/toyotacf.ca\\\/fr\\\/?s={search_term_string}\"},\"query-input\":{\"@type\":\"PropertyValueSpecification\",\"valueRequired\":true,\"valueName\":\"search_term_string\"}}],\"inLanguage\":\"fr-FR\"}]}<\/script>\n<!-- \/ Yoast SEO plugin. -->","yoast_head_json":{"title":"Contactez-nous - Toyota Commercial Finance","robots":{"index":"index","follow":"follow","max-snippet":"max-snippet:-1","max-image-preview":"max-image-preview:large","max-video-preview":"max-video-preview:-1"},"canonical":"https:\/\/toyotacf.ca\/fr\/contact-us\/","og_locale":"fr_FR","og_type":"article","og_title":"Contactez-nous - Toyota Commercial Finance","og_url":"https:\/\/toyotacf.ca\/fr\/contact-us\/","og_site_name":"Toyota Commercial Finance","article_modified_time":"2025-01-20T21:48:22+00:00","twitter_card":"summary_large_image","twitter_misc":{"Dur\u00e9e de lecture estim\u00e9e":"2 minutes"},"schema":{"@context":"https:\/\/schema.org","@graph":[{"@type":"WebPage","@id":"https:\/\/toyotacf.ca\/fr\/contact-us\/","url":"https:\/\/toyotacf.ca\/fr\/contact-us\/","name":"Contactez-nous - Toyota Commercial Finance","isPartOf":{"@id":"https:\/\/toyotacf.ca\/fr\/#website"},"datePublished":"2021-04-21T10:43:58+00:00","dateModified":"2025-01-20T21:48:22+00:00","breadcrumb":{"@id":"https:\/\/toyotacf.ca\/fr\/contact-us\/#breadcrumb"},"inLanguage":"fr-FR","potentialAction":[{"@type":"ReadAction","target":["https:\/\/toyotacf.ca\/fr\/contact-us\/"]}]},{"@type":"BreadcrumbList","@id":"https:\/\/toyotacf.ca\/fr\/contact-us\/#breadcrumb","itemListElement":[{"@type":"ListItem","position":1,"name":"Home","item":"https:\/\/toyotacf.ca\/fr\/"},{"@type":"ListItem","position":2,"name":"Contactez-nous"}]},{"@type":"WebSite","@id":"https:\/\/toyotacf.ca\/fr\/#website","url":"https:\/\/toyotacf.ca\/fr\/","name":"Toyota Commercial Finance","description":"Canada","potentialAction":[{"@type":"SearchAction","target":{"@type":"EntryPoint","urlTemplate":"https:\/\/toyotacf.ca\/fr\/?s={search_term_string}"},"query-input":{"@type":"PropertyValueSpecification","valueRequired":true,"valueName":"search_term_string"}}],"inLanguage":"fr-FR"}]}},"_links":{"self":[{"href":"https:\/\/toyotacf.ca\/fr\/wp-json\/wp\/v2\/pages\/128","targetHints":{"allow":["GET"]}}],"collection":[{"href":"https:\/\/toyotacf.ca\/fr\/wp-json\/wp\/v2\/pages"}],"about":[{"href":"https:\/\/toyotacf.ca\/fr\/wp-json\/wp\/v2\/types\/page"}],"author":[{"embeddable":true,"href":"https:\/\/toyotacf.ca\/fr\/wp-json\/wp\/v2\/users\/1"}],"replies":[{"embeddable":true,"href":"https:\/\/toyotacf.ca\/fr\/wp-json\/wp\/v2\/comments?post=128"}],"version-history":[{"count":0,"href":"https:\/\/toyotacf.ca\/fr\/wp-json\/wp\/v2\/pages\/128\/revisions"}],"wp:attachment":[{"href":"https:\/\/toyotacf.ca\/fr\/wp-json\/wp\/v2\/media?parent=128"}],"curies":[{"name":"wp","href":"https:\/\/api.w.org\/{rel}","templated":true}]}}