{"id":127,"date":"2021-04-21T09:18:17","date_gmt":"2021-04-21T09:18:17","guid":{"rendered":"http:\/\/www.rainmakerdigital.net\/tcf\/?page_id=127"},"modified":"2022-09-29T19:35:12","modified_gmt":"2022-09-29T19:35:12","slug":"commercial-finance","status":"publish","type":"page","link":"https:\/\/toyotacf.ca\/fr\/commercial-finance\/","title":{"rendered":"Financement pour les entreprises"},"content":{"rendered":"<p><div class=\"fusion-fullwidth fullwidth-box fusion-builder-row-1 fusion-flex-container nonhundred-percent-fullwidth non-hundred-percent-height-scrolling\" style=\"--link_hover_color: #777777;--awb-border-radius-top-left:0px;--awb-border-radius-top-right:0px;--awb-border-radius-bottom-right:0px;--awb-border-radius-bottom-left:0px;--awb-padding-right:150px;--awb-padding-left:150px;--awb-padding-right-medium:0px;--awb-padding-left-medium:0px;--awb-padding-right-small:20px;--awb-padding-left-small:20px;--awb-margin-top:-40px;--awb-flex-wrap:wrap;\" ><div class=\"fusion-builder-row fusion-row fusion-flex-align-items-flex-start fusion-flex-content-wrap\" style=\"max-width:calc( 1200px + 0px );margin-left: calc(-0px \/ 2 );margin-right: calc(-0px \/ 2 );\"><div class=\"fusion-layout-column fusion_builder_column fusion-builder-column-0 fusion_builder_column_1_1 1_1 fusion-flex-column\" style=\"--awb-bg-size:cover;--awb-width-large:100%;--awb-margin-top-large:0px;--awb-spacing-right-large:0px;--awb-margin-bottom-large:0px;--awb-spacing-left-large:0px;--awb-width-medium:100%;--awb-spacing-right-medium:0px;--awb-spacing-left-medium:0px;--awb-width-small:100%;--awb-spacing-right-small:0px;--awb-spacing-left-small:0px;\"><div class=\"fusion-column-wrapper fusion-flex-justify-content-flex-start fusion-content-layout-column\"><div class=\"fusion-image-element \" style=\"text-align:center;--awb-caption-title-font-family:var(--h2_typography-font-family);--awb-caption-title-font-weight:var(--h2_typography-font-weight);--awb-caption-title-font-style:var(--h2_typography-font-style);--awb-caption-title-size:var(--h2_typography-font-size);--awb-caption-title-transform:var(--h2_typography-text-transform);--awb-caption-title-line-height:var(--h2_typography-line-height);--awb-caption-title-letter-spacing:var(--h2_typography-letter-spacing);\"><span class=\" fusion-imageframe imageframe-none imageframe-1 hover-type-none\"><img decoding=\"async\" width=\"1024\" height=\"576\" title=\"Toyota-Hino-Landing\" src=\"http:\/\/www.rainmakerdigital.net\/tcf\/wp-content\/uploads\/2021\/04\/Toyota-Hino-Landing-1-1024x576.jpg\" alt class=\"img-responsive wp-image-227\" srcset=\"https:\/\/toyotacf.ca\/wp-content\/uploads\/2021\/04\/Toyota-Hino-Landing-1-200x112.jpg 200w, https:\/\/toyotacf.ca\/wp-content\/uploads\/2021\/04\/Toyota-Hino-Landing-1-400x225.jpg 400w, https:\/\/toyotacf.ca\/wp-content\/uploads\/2021\/04\/Toyota-Hino-Landing-1-600x337.jpg 600w, https:\/\/toyotacf.ca\/wp-content\/uploads\/2021\/04\/Toyota-Hino-Landing-1-800x450.jpg 800w, https:\/\/toyotacf.ca\/wp-content\/uploads\/2021\/04\/Toyota-Hino-Landing-1-1200x675.jpg 1200w, https:\/\/toyotacf.ca\/wp-content\/uploads\/2021\/04\/Toyota-Hino-Landing-1.jpg 1366w\" sizes=\"(max-width: 640px) 100vw, 1024px\" \/><\/span><\/div><div class=\"fusion-title title fusion-title-1 fusion-sep-none fusion-title-text fusion-title-size-one\" style=\"--awb-text-color:#db0000;--awb-margin-top:30px;--awb-margin-bottom:20px;--awb-margin-top-small:10px;--awb-margin-bottom-small:10px;\"><h1 class=\"fusion-title-heading title-heading-left\" style=\"margin:0;\">Financement pour les entreprises<\/h1><\/div><div class=\"fusion-text fusion-text-1\" style=\"--awb-line-height:1.5;--awb-text-color:#777777;--awb-text-font-family:&quot;Roboto Condensed&quot;;--awb-text-font-style:normal;--awb-text-font-weight:400;\"><p>Toyota Commercial Finance Canada offre des solutions financi\u00e8res aux clients existants de Toyota et Hino pour acqu\u00e9rir des actifs non concurrents, y compris, mais sans s&rsquo;y limiter :<\/p>\n<\/p>\n<div class=\"table-1\">\n<table width=\"100%\">\n<thead>\n<tr>\n<th align=\"left\">\n<ul>\n<li>\u00c9quipement lourd<\/li>\n<li>Remorques<\/li>\n<li>Camion grue et \u00e0 levage (Rolloff)<\/li>\n<li>Conteneurs et bennes<\/li>\n<li>Machines de production<\/li>\n<li>Machinerie et outillages<\/li>\n<li>G\u00e9n\u00e9ratrices<\/li>\n<\/ul>\n<\/th>\n<th align=\"left\">\n<ul>\n<li>Tracteurs outiers<\/li>\n<li>\u00c9quipements d\u2019entreposage<\/li>\n<li>Am\u00e9nagement de v\u00e9hicule<\/li>\n<li>V\u00e9hicule passag\u00e9 commerciaux<\/li>\n<li>Camionnettes et fourgons<\/li>\n<li>\u00c9quipements audiovisuel<\/li>\n<li>Systeme informatique<\/li>\n<\/ul>\n<\/th>\n<\/tr>\n<\/thead>\n<\/table>\n<\/div>\n<p>\n<p>Si vous planifiez l&rsquo;achat d&rsquo;un \u00e9quipement et que vous souhaitez obtenir un devis comp\u00e9titif sur le financement par cr\u00e9dit-bail ou par pr\u00eat avec des taux avantageux et des conditions flexibles, contactez votre repr\u00e9sentant TICF d\u00e8s aujourd&rsquo;hui.<\/p>\n<\/div><div class=\"fusion-content-boxes content-boxes columns row fusion-columns-2 fusion-columns-total-4 fusion-content-boxes-1 content-boxes-icon-with-title content-left\" style=\"--awb-body-color:#666666;--awb-title-color:#e31b23;--awb-margin-top:20px;--awb-margin-bottom:0px;--awb-hover-accent-color:#f44336;--awb-circle-hover-accent-color:#f44336;\" data-animationOffset=\"top-into-view\"><div style=\"--awb-backgroundcolor:rgba(255,255,255,0);\" class=\"fusion-column content-box-column content-box-column content-box-column-1 col-lg-6 col-md-6 col-sm-6 fusion-content-box-hover content-box-column-first-in-row\"><div class=\"col content-box-wrapper content-wrapper link-area-link-icon content-icon-wrapper-yes icon-hover-animation-none\" data-animationOffset=\"top-into-view\"><div class=\"heading icon-left\"><h2 class=\"content-box-heading\" style=\"--h2_typography-font-size:18px;line-height:23px;\">Craig Snider<\/h2><\/div><div class=\"fusion-clearfix\"><\/div><div class=\"content-container\">\n<p>(L\u2019Ouest d\u2019Ontario et les Maritimes)<br \/>\nT\u00e9l\u00e9phone : (416) 621-5522 x7252<br \/>\nCellulaire : (416) 729-0572<br \/>\nCourriel: <a style=\"color: #979797;\" href=\"mailto:michele.scott@toyotacf.ca\">craig.snider@toyotacf.ca<\/a><\/p>\n<\/div><\/div><\/div><div style=\"--awb-backgroundcolor:rgba(255,255,255,0);\" class=\"fusion-column content-box-column content-box-column content-box-column-2 col-lg-6 col-md-6 col-sm-6 fusion-content-box-hover content-box-column-last-in-row\"><div class=\"col content-box-wrapper content-wrapper link-area-link-icon content-icon-wrapper-yes icon-hover-animation-none\" data-animationOffset=\"top-into-view\"><div class=\"heading icon-left\"><h2 class=\"content-box-heading\" style=\"--h2_typography-font-size:18px;line-height:23px;\">Neelam Hakim<\/h2><\/div><div class=\"fusion-clearfix\"><\/div><div class=\"content-container\">(Grande r\u00e9gion de Toronto)<br \/>\nT\u00e9l\u00e9phone : (416) 621-5522 x7246<br \/>\nCellulaire : (647) 248-7753<br \/>\nCourriel: <a style=\"color: #979797;\" href=\"mailto:neelam.hakim@toyotacf.ca\">neelam.hakim@toyotacf.ca<\/a><\/div><\/div><\/div><div style=\"--awb-backgroundcolor:rgba(255,255,255,0);\" class=\"fusion-column content-box-column content-box-column content-box-column-3 col-lg-6 col-md-6 col-sm-6 fusion-content-box-hover content-box-column-first-in-row\"><div class=\"col content-box-wrapper content-wrapper link-area-link-icon content-icon-wrapper-yes icon-hover-animation-none\" data-animationOffset=\"top-into-view\"><div class=\"heading icon-left\"><h2 class=\"content-box-heading\" style=\"--h2_typography-font-size:18px;line-height:23px;\">Luc Chenard<\/h2><\/div><div class=\"fusion-clearfix\"><\/div><div class=\"content-container\">\n<p>(Qu\u00e9bec et Ottawa)<br \/>\nCellulaire : 438-334-0219<br \/>\nCourriel: <a style=\"color: #979797;\" href=\"mailto:michele.scott@toyotacf.ca\">luc.chenard@toyotacf.ca<\/a><\/p>\n<\/div><\/div><\/div><div style=\"--awb-backgroundcolor:rgba(255,255,255,0);\" class=\"fusion-column content-box-column content-box-column content-box-column-4 col-lg-6 col-md-6 col-sm-6 fusion-content-box-hover content-box-column-last content-box-column-last-in-row\"><div class=\"col content-box-wrapper content-wrapper link-area-link-icon content-icon-wrapper-yes icon-hover-animation-none\" data-animationOffset=\"top-into-view\"><div class=\"heading icon-left\"><h2 class=\"content-box-heading\" style=\"--h2_typography-font-size:18px;line-height:23px;\">Michele Cliffe<\/h2><\/div><div class=\"fusion-clearfix\"><\/div><div class=\"content-container\">\n<p>(L\u2019ouest du Canada)<br \/>\nCellulaire : 250-859-2983<br \/>\nCourriel: <a style=\"color: #979797;\" href=\"mailto:michele.scott@toyotacf.ca\">michele.cliffe@toyotacf.ca<\/a><\/p>\n<\/div><\/div><\/div><div class=\"fusion-clearfix\"><\/div><\/div><\/div><\/div><\/div><\/div><div class=\"fusion-fullwidth fullwidth-box fusion-builder-row-2 fusion-flex-container nonhundred-percent-fullwidth non-hundred-percent-height-scrolling\" style=\"--link_hover_color: #7e878c;--awb-border-radius-top-left:0px;--awb-border-radius-top-right:0px;--awb-border-radius-bottom-right:0px;--awb-border-radius-bottom-left:0px;--awb-padding-bottom:0px;--awb-padding-right-medium:0px;--awb-padding-left-medium:0px;--awb-padding-right-small:20px;--awb-padding-left-small:20px;--awb-margin-top:80px;--awb-margin-bottom:-70px;--awb-flex-wrap:wrap;\" ><div class=\"fusion-builder-row fusion-row fusion-flex-align-items-flex-start fusion-flex-justify-content-center fusion-flex-content-wrap\" style=\"max-width:1248px;margin-left: calc(-4% \/ 2 );margin-right: calc(-4% \/ 2 );\"><div class=\"fusion-layout-column fusion_builder_column fusion-builder-column-1 fusion_builder_column_1_1 1_1 fusion-flex-column\" style=\"--awb-bg-size:cover;--awb-width-large:100%;--awb-margin-top-large:0px;--awb-spacing-right-large:1.92%;--awb-margin-bottom-large:0px;--awb-spacing-left-large:1.92%;--awb-width-medium:100%;--awb-order-medium:0;--awb-spacing-right-medium:1.92%;--awb-spacing-left-medium:1.92%;--awb-width-small:100%;--awb-order-small:0;--awb-spacing-right-small:1.92%;--awb-spacing-left-small:1.92%;\"><div class=\"fusion-column-wrapper fusion-column-has-shadow fusion-flex-justify-content-flex-start fusion-content-layout-column\"><div class=\"fusion-text fusion-text-2\" style=\"--awb-font-size:13px;--awb-text-color:#777777;\"><p class=\"fusion-responsive-typography-calculated\" style=\"--fontsize: 54; line-height: 1.16; color: #e31b23; text-align: center;\" data-fontsize=\"54\" data-lineheight=\"62.64px\"><span style=\"color: #999999;\">Toyota Commercial Finance est une marque de service de Toyota Industries Commercial Finance Inc., et de ses soci\u00e9t\u00e9s affili\u00e9es.<\/span><\/p>\n<\/div><\/div><\/div><\/div><\/div><\/p>\n","protected":false},"excerpt":{"rendered":"","protected":false},"author":1,"featured_media":0,"parent":0,"menu_order":0,"comment_status":"closed","ping_status":"closed","template":"","meta":{"footnotes":""},"class_list":["post-127","page","type-page","status-publish","hentry"],"yoast_head":"<!-- This site is optimized with the Yoast SEO plugin v27.3 - https:\/\/yoast.com\/product\/yoast-seo-wordpress\/ -->\n<title>Financement pour les entreprises - Toyota Commercial Finance<\/title>\n<meta name=\"robots\" content=\"index, follow, max-snippet:-1, max-image-preview:large, max-video-preview:-1\" \/>\n<link rel=\"canonical\" href=\"https:\/\/toyotacf.ca\/fr\/commercial-finance\/\" \/>\n<meta property=\"og:locale\" content=\"fr_FR\" \/>\n<meta property=\"og:type\" content=\"article\" \/>\n<meta property=\"og:title\" content=\"Financement pour les entreprises - Toyota Commercial Finance\" \/>\n<meta property=\"og:url\" content=\"https:\/\/toyotacf.ca\/fr\/commercial-finance\/\" \/>\n<meta property=\"og:site_name\" content=\"Toyota Commercial Finance\" \/>\n<meta property=\"article:modified_time\" content=\"2022-09-29T19:35:12+00:00\" \/>\n<meta name=\"twitter:card\" content=\"summary_large_image\" \/>\n<meta name=\"twitter:label1\" content=\"Dur\u00e9e de lecture estim\u00e9e\" \/>\n\t<meta name=\"twitter:data1\" content=\"3 minutes\" \/>\n<script type=\"application\/ld+json\" class=\"yoast-schema-graph\">{\"@context\":\"https:\\\/\\\/schema.org\",\"@graph\":[{\"@type\":\"WebPage\",\"@id\":\"https:\\\/\\\/toyotacf.ca\\\/fr\\\/commercial-finance\\\/\",\"url\":\"https:\\\/\\\/toyotacf.ca\\\/fr\\\/commercial-finance\\\/\",\"name\":\"Financement pour les entreprises - Toyota Commercial Finance\",\"isPartOf\":{\"@id\":\"https:\\\/\\\/toyotacf.ca\\\/fr\\\/#website\"},\"datePublished\":\"2021-04-21T09:18:17+00:00\",\"dateModified\":\"2022-09-29T19:35:12+00:00\",\"breadcrumb\":{\"@id\":\"https:\\\/\\\/toyotacf.ca\\\/fr\\\/commercial-finance\\\/#breadcrumb\"},\"inLanguage\":\"fr-FR\",\"potentialAction\":[{\"@type\":\"ReadAction\",\"target\":[\"https:\\\/\\\/toyotacf.ca\\\/fr\\\/commercial-finance\\\/\"]}]},{\"@type\":\"BreadcrumbList\",\"@id\":\"https:\\\/\\\/toyotacf.ca\\\/fr\\\/commercial-finance\\\/#breadcrumb\",\"itemListElement\":[{\"@type\":\"ListItem\",\"position\":1,\"name\":\"Home\",\"item\":\"https:\\\/\\\/toyotacf.ca\\\/fr\\\/\"},{\"@type\":\"ListItem\",\"position\":2,\"name\":\"Financement pour les entreprises\"}]},{\"@type\":\"WebSite\",\"@id\":\"https:\\\/\\\/toyotacf.ca\\\/fr\\\/#website\",\"url\":\"https:\\\/\\\/toyotacf.ca\\\/fr\\\/\",\"name\":\"Toyota Commercial Finance\",\"description\":\"Canada\",\"potentialAction\":[{\"@type\":\"SearchAction\",\"target\":{\"@type\":\"EntryPoint\",\"urlTemplate\":\"https:\\\/\\\/toyotacf.ca\\\/fr\\\/?s={search_term_string}\"},\"query-input\":{\"@type\":\"PropertyValueSpecification\",\"valueRequired\":true,\"valueName\":\"search_term_string\"}}],\"inLanguage\":\"fr-FR\"}]}<\/script>\n<!-- \/ Yoast SEO plugin. -->","yoast_head_json":{"title":"Financement pour les entreprises - Toyota Commercial Finance","robots":{"index":"index","follow":"follow","max-snippet":"max-snippet:-1","max-image-preview":"max-image-preview:large","max-video-preview":"max-video-preview:-1"},"canonical":"https:\/\/toyotacf.ca\/fr\/commercial-finance\/","og_locale":"fr_FR","og_type":"article","og_title":"Financement pour les entreprises - Toyota Commercial Finance","og_url":"https:\/\/toyotacf.ca\/fr\/commercial-finance\/","og_site_name":"Toyota Commercial Finance","article_modified_time":"2022-09-29T19:35:12+00:00","twitter_card":"summary_large_image","twitter_misc":{"Dur\u00e9e de lecture estim\u00e9e":"3 minutes"},"schema":{"@context":"https:\/\/schema.org","@graph":[{"@type":"WebPage","@id":"https:\/\/toyotacf.ca\/fr\/commercial-finance\/","url":"https:\/\/toyotacf.ca\/fr\/commercial-finance\/","name":"Financement pour les entreprises - Toyota Commercial Finance","isPartOf":{"@id":"https:\/\/toyotacf.ca\/fr\/#website"},"datePublished":"2021-04-21T09:18:17+00:00","dateModified":"2022-09-29T19:35:12+00:00","breadcrumb":{"@id":"https:\/\/toyotacf.ca\/fr\/commercial-finance\/#breadcrumb"},"inLanguage":"fr-FR","potentialAction":[{"@type":"ReadAction","target":["https:\/\/toyotacf.ca\/fr\/commercial-finance\/"]}]},{"@type":"BreadcrumbList","@id":"https:\/\/toyotacf.ca\/fr\/commercial-finance\/#breadcrumb","itemListElement":[{"@type":"ListItem","position":1,"name":"Home","item":"https:\/\/toyotacf.ca\/fr\/"},{"@type":"ListItem","position":2,"name":"Financement pour les entreprises"}]},{"@type":"WebSite","@id":"https:\/\/toyotacf.ca\/fr\/#website","url":"https:\/\/toyotacf.ca\/fr\/","name":"Toyota Commercial Finance","description":"Canada","potentialAction":[{"@type":"SearchAction","target":{"@type":"EntryPoint","urlTemplate":"https:\/\/toyotacf.ca\/fr\/?s={search_term_string}"},"query-input":{"@type":"PropertyValueSpecification","valueRequired":true,"valueName":"search_term_string"}}],"inLanguage":"fr-FR"}]}},"_links":{"self":[{"href":"https:\/\/toyotacf.ca\/fr\/wp-json\/wp\/v2\/pages\/127","targetHints":{"allow":["GET"]}}],"collection":[{"href":"https:\/\/toyotacf.ca\/fr\/wp-json\/wp\/v2\/pages"}],"about":[{"href":"https:\/\/toyotacf.ca\/fr\/wp-json\/wp\/v2\/types\/page"}],"author":[{"embeddable":true,"href":"https:\/\/toyotacf.ca\/fr\/wp-json\/wp\/v2\/users\/1"}],"replies":[{"embeddable":true,"href":"https:\/\/toyotacf.ca\/fr\/wp-json\/wp\/v2\/comments?post=127"}],"version-history":[{"count":0,"href":"https:\/\/toyotacf.ca\/fr\/wp-json\/wp\/v2\/pages\/127\/revisions"}],"wp:attachment":[{"href":"https:\/\/toyotacf.ca\/fr\/wp-json\/wp\/v2\/media?parent=127"}],"curies":[{"name":"wp","href":"https:\/\/api.w.org\/{rel}","templated":true}]}}